{"id":1562,"date":"2025-02-05T21:12:08","date_gmt":"2025-02-05T20:12:08","guid":{"rendered":"https:\/\/www.niangacreations.fr\/?page_id=1562"},"modified":"2025-09-18T16:21:55","modified_gmt":"2025-09-18T14:21:55","slug":"mentions-legales","status":"publish","type":"page","link":"https:\/\/www.niangacreations.fr\/index.php\/mentions-legales\/","title":{"rendered":"Mentions l\u00e9gales"},"content":{"rendered":"\t\t<div data-elementor-type=\"wp-page\" data-elementor-id=\"1562\" class=\"elementor elementor-1562\" data-elementor-post-type=\"page\">\n\t\t\t\t<div data-particle_enable=\"false\" data-particle-mobile-disabled=\"false\" class=\"elementor-element elementor-element-5a8172cd e-flex e-con-boxed e-con e-parent\" data-id=\"5a8172cd\" data-element_type=\"container\" data-e-type=\"container\">\n\t\t\t\t\t<div class=\"e-con-inner\">\n\t\t\t\t<div class=\"elementor-element elementor-element-3a7d5aa1 elementor-widget elementor-widget-spacer\" data-id=\"3a7d5aa1\" data-element_type=\"widget\" data-e-type=\"widget\" data-widget_type=\"spacer.default\">\n\t\t\t\t<div class=\"elementor-widget-container\">\n\t\t\t\t\t\t\t<div class=\"elementor-spacer\">\n\t\t\t<div class=\"elementor-spacer-inner\"><\/div>\n\t\t<\/div>\n\t\t\t\t\t\t<\/div>\n\t\t\t\t<\/div>\n\t\t\t\t<div class=\"elementor-element elementor-element-df82add elementor-invisible elementor-widget elementor-widget-image\" data-id=\"df82add\" data-element_type=\"widget\" data-e-type=\"widget\" data-settings=\"{&quot;_animation&quot;:&quot;fadeInDown&quot;}\" data-widget_type=\"image.default\">\n\t\t\t\t<div class=\"elementor-widget-container\">\n\t\t\t\t\t\t\t\t\t\t\t\t\t\t\t<img fetchpriority=\"high\" decoding=\"async\" width=\"412\" height=\"441\" src=\"https:\/\/www.niangacreations.fr\/wp-content\/uploads\/2024\/11\/Etoiles_nuancees.png\" class=\"attachment-full size-full wp-image-1129\" alt=\"\" srcset=\"https:\/\/www.niangacreations.fr\/wp-content\/uploads\/2024\/11\/Etoiles_nuancees.png 412w, https:\/\/www.niangacreations.fr\/wp-content\/uploads\/2024\/11\/Etoiles_nuancees-280x300.png 280w\" sizes=\"(max-width: 412px) 100vw, 412px\" \/>\t\t\t\t\t\t\t\t\t\t\t\t\t\t\t<\/div>\n\t\t\t\t<\/div>\n\t\t\t\t<div class=\"elementor-element elementor-element-143a8292 elementor-invisible elementor-widget elementor-widget-heading\" data-id=\"143a8292\" data-element_type=\"widget\" data-e-type=\"widget\" data-settings=\"{&quot;_animation&quot;:&quot;fadeInUp&quot;}\" data-widget_type=\"heading.default\">\n\t\t\t\t<div class=\"elementor-widget-container\">\n\t\t\t\t\t<h1 class=\"elementor-heading-title elementor-size-default\">Mentions L\u00e9gales<\/h1>\t\t\t\t<\/div>\n\t\t\t\t<\/div>\n\t\t\t\t<div class=\"elementor-element elementor-element-31f77fae elementor-widget elementor-widget-spacer\" data-id=\"31f77fae\" data-element_type=\"widget\" data-e-type=\"widget\" data-widget_type=\"spacer.default\">\n\t\t\t\t<div class=\"elementor-widget-container\">\n\t\t\t\t\t\t\t<div class=\"elementor-spacer\">\n\t\t\t<div class=\"elementor-spacer-inner\"><\/div>\n\t\t<\/div>\n\t\t\t\t\t\t<\/div>\n\t\t\t\t<\/div>\n\t\t\t\t\t<\/div>\n\t\t\t\t<\/div>\n\t\t<div data-particle_enable=\"false\" data-particle-mobile-disabled=\"false\" class=\"elementor-element elementor-element-4a1d5ac e-flex e-con-boxed e-con e-parent\" data-id=\"4a1d5ac\" data-element_type=\"container\" data-e-type=\"container\">\n\t\t\t\t\t<div class=\"e-con-inner\">\n\t\t\t\t<div class=\"elementor-element elementor-element-636c245 elementor-widget elementor-widget-text-editor\" data-id=\"636c245\" data-element_type=\"widget\" data-e-type=\"widget\" data-widget_type=\"text-editor.default\">\n\t\t\t\t<div class=\"elementor-widget-container\">\n\t\t\t\t\t\t\t\t\t<h3><strong>1. \u00c9diteur du site<\/strong><\/h3><p>Le pr\u00e9sent site est \u00e9dit\u00e9 par :<\/p><p><strong>Nianga Cr\u00e9ations<\/strong><br \/>Micro-entreprise immatricul\u00e9e en France<br \/>Si\u00e8ge social : 31 rue des Gloriettes, 78540 Vernouillet<br \/>Email : <a rel=\"noopener\">contact@niangacreations.fr<\/a><br \/>Num\u00e9ro SIRET : 95307717900026<\/p><p>Directeur de la publication : Cl\u00e9mentine LEAU<\/p><h3><strong>2. H\u00e9bergement du site<\/strong><\/h3><p>Le site est h\u00e9berg\u00e9 par :<\/p><p><b>OVH &#8211; \u00a02, rue Kellermann, 59100 Roubaix<\/b><\/p><h3><strong>3. Propri\u00e9t\u00e9 intellectuelle<\/strong><\/h3><p>Tous les contenus pr\u00e9sents sur ce site (textes, images, logos, \u00e9l\u00e9ments graphiques, etc.) sont la propri\u00e9t\u00e9 exclusive de <strong>Nianga Cr\u00e9ations<\/strong> ou de tiers ayant autoris\u00e9 leur utilisation. Toute reproduction, diffusion ou exploitation, m\u00eame partielle, sans autorisation pr\u00e9alable est interdite.<\/p><h3><strong>4. Donn\u00e9es personnelles et cookies<\/strong><\/h3><p>Conform\u00e9ment au R\u00e8glement G\u00e9n\u00e9ral sur la Protection des Donn\u00e9es (RGPD), les informations collect\u00e9es via le site sont destin\u00e9es exclusivement \u00e0 Nianga Cr\u00e9ations pour le traitement des commandes et la gestion de la relation client.<\/p><p>L\u2019utilisateur dispose d\u2019un droit d\u2019acc\u00e8s, de rectification et de suppression de ses donn\u00e9es personnelles en adressant une demande \u00e0 : <strong><a rel=\"noopener\">contact@niangacreations.fr<\/a><\/strong>.<\/p><p>Le site peut utiliser des cookies pour am\u00e9liorer l\u2019exp\u00e9rience utilisateur. Vous pouvez modifier vos pr\u00e9f\u00e9rences en mati\u00e8re de cookies via les param\u00e8tres de votre navigateur.<\/p><h3><strong>5. Responsabilit\u00e9<\/strong><\/h3><p>Nianga Cr\u00e9ations s\u2019efforce d\u2019assurer l\u2019exactitude des informations diffus\u00e9es sur son site, mais ne peut \u00eatre tenue responsable des erreurs ou omissions, ni des \u00e9ventuels dommages r\u00e9sultant de l\u2019acc\u00e8s ou de l\u2019utilisation du site.<\/p><h3><strong>6. Droit applicable et juridiction comp\u00e9tente<\/strong><\/h3><p>Les pr\u00e9sentes mentions l\u00e9gales sont soumises au droit fran\u00e7ais. En cas de litige, les tribunaux comp\u00e9tents seront ceux du <strong>si\u00e8ge social de Nianga Cr\u00e9ations<\/strong>.<\/p>\t\t\t\t\t\t\t\t<\/div>\n\t\t\t\t<\/div>\n\t\t\t\t<div class=\"elementor-element elementor-element-2bda007 elementor-widget elementor-widget-spacer\" data-id=\"2bda007\" data-element_type=\"widget\" data-e-type=\"widget\" data-widget_type=\"spacer.default\">\n\t\t\t\t<div class=\"elementor-widget-container\">\n\t\t\t\t\t\t\t<div class=\"elementor-spacer\">\n\t\t\t<div class=\"elementor-spacer-inner\"><\/div>\n\t\t<\/div>\n\t\t\t\t\t\t<\/div>\n\t\t\t\t<\/div>\n\t\t\t\t\t<\/div>\n\t\t\t\t<\/div>\n\t\t\t\t<\/div>\n\t\t","protected":false},"excerpt":{"rendered":"<p>Mentions L\u00e9gales 1. \u00c9diteur du site Le pr\u00e9sent site est \u00e9dit\u00e9 par : Nianga Cr\u00e9ationsMicro-entreprise immatricul\u00e9e en FranceSi\u00e8ge social : 31 rue des Gloriettes, 78540 VernouilletEmail : contact@niangacreations.frNum\u00e9ro SIRET : 95307717900026 Directeur de la publication : Cl\u00e9mentine LEAU 2. H\u00e9bergement du site Le site est h\u00e9berg\u00e9 par : OVH &#8211; \u00a02, rue Kellermann, 59100 Roubaix [&hellip;]<\/p>\n","protected":false},"author":1,"featured_media":0,"parent":0,"menu_order":0,"comment_status":"closed","ping_status":"closed","template":"","meta":{"footnotes":""},"class_list":["post-1562","page","type-page","status-publish","hentry"],"jetpack_sharing_enabled":true,"_links":{"self":[{"href":"https:\/\/www.niangacreations.fr\/index.php\/wp-json\/wp\/v2\/pages\/1562","targetHints":{"allow":["GET"]}}],"collection":[{"href":"https:\/\/www.niangacreations.fr\/index.php\/wp-json\/wp\/v2\/pages"}],"about":[{"href":"https:\/\/www.niangacreations.fr\/index.php\/wp-json\/wp\/v2\/types\/page"}],"author":[{"embeddable":true,"href":"https:\/\/www.niangacreations.fr\/index.php\/wp-json\/wp\/v2\/users\/1"}],"replies":[{"embeddable":true,"href":"https:\/\/www.niangacreations.fr\/index.php\/wp-json\/wp\/v2\/comments?post=1562"}],"version-history":[{"count":19,"href":"https:\/\/www.niangacreations.fr\/index.php\/wp-json\/wp\/v2\/pages\/1562\/revisions"}],"predecessor-version":[{"id":2346,"href":"https:\/\/www.niangacreations.fr\/index.php\/wp-json\/wp\/v2\/pages\/1562\/revisions\/2346"}],"wp:attachment":[{"href":"https:\/\/www.niangacreations.fr\/index.php\/wp-json\/wp\/v2\/media?parent=1562"}],"curies":[{"name":"wp","href":"https:\/\/api.w.org\/{rel}","templated":true}]}}