{"id":1539,"date":"2025-01-28T21:44:36","date_gmt":"2025-01-28T20:44:36","guid":{"rendered":"https:\/\/www.niangacreations.fr\/?post_type=product&#038;p=1539"},"modified":"2026-01-04T15:55:26","modified_gmt":"2026-01-04T14:55:26","slug":"carton-dinvitation","status":"publish","type":"product","link":"https:\/\/www.niangacreations.fr\/index.php\/produit\/carton-dinvitation\/","title":{"rendered":"Carton d\u2019Invitation Anniversaire Personnalis\u00e9 \u2013 Papeterie \u00e9l\u00e9gante &#038; cr\u00e9ation sur mesure"},"content":{"rendered":"<p data-start=\"533\" data-end=\"845\">Faites sensation d\u00e8s le premier contact avec ce <strong data-start=\"581\" data-end=\"632\">carton d\u2019invitation d\u2019anniversaire personnalis\u00e9<\/strong>, pens\u00e9 pour refl\u00e9ter avec justesse le th\u00e8me, l\u2019ambiance et l\u2019\u00e9motion de votre \u00e9v\u00e9nement.<br data-start=\"721\" data-end=\"724\" \/>\u00c9l\u00e9gante, soign\u00e9e et r\u00e9alis\u00e9e \u00e0 la main, chaque invitation devient une <strong data-start=\"795\" data-end=\"816\">premi\u00e8re promesse<\/strong> de ce moment unique \u00e0 venir.<\/p>\n<p data-start=\"847\" data-end=\"1058\">Qu\u2019il s\u2019agisse d\u2019un <strong data-start=\"867\" data-end=\"951\">anniversaire d\u2019enfant ou d\u2019adulte, d\u2019une f\u00eate \u00e0 th\u00e8me ou d\u2019un \u00e9v\u00e9nement familial<\/strong>, cette cr\u00e9ation sur mesure donne imm\u00e9diatement le ton et invite vos proches \u00e0 partager un moment pr\u00e9cieux.<\/p>\n<p><strong>\u00a0<u>Points forts<\/u> :<\/strong><\/p>\n<ul>\n<li><strong data-start=\"1109\" data-end=\"1141\">Design raffin\u00e9 et sur mesure<\/strong> : chaque invitation est adapt\u00e9e \u00e0 votre th\u00e8me (princesse, jungle, super-h\u00e9ros, pastel, etc.)<\/li>\n<li><strong data-start=\"1239\" data-end=\"1266\">Papier cartonn\u00e9 premium<\/strong> : c\u00f4t\u00e9 message sublim\u00e9 par un papier brillant de qualit\u00e9<\/li>\n<li><strong data-start=\"1328\" data-end=\"1347\">Cr\u00e9ation unique<\/strong> : chaque mod\u00e8le est pens\u00e9 pour valoriser votre \u00e9v\u00e9nement d\u00e8s l\u2019invitation<\/li>\n<li><strong data-start=\"1426\" data-end=\"1448\">Commande \u00e0 l\u2019unit\u00e9<\/strong> : vous choisissez exactement la quantit\u00e9 souhait\u00e9e<\/li>\n<li><strong data-start=\"1504\" data-end=\"1527\">Cr\u00e9ation artisanale<\/strong> : r\u00e9alis\u00e9e \u00e0 la main avec soin et minutie<\/li>\n<\/ul>\n<p><strong><u>Dimensions <\/u><\/strong><strong>:<\/strong><\/p>\n<ul>\n<li>\n<p data-start=\"1594\" data-end=\"1635\"><strong data-start=\"1594\" data-end=\"1633\">Dimensions du carton d\u2019invitation :<\/strong><\/p>\n<ul data-start=\"1636\" data-end=\"1687\">\n<li data-start=\"1636\" data-end=\"1661\">\n<p data-start=\"1638\" data-end=\"1661\">Largeur : <strong data-start=\"1648\" data-end=\"1659\">11,8 cm<\/strong><\/p>\n<\/li>\n<li data-start=\"1662\" data-end=\"1687\">\n<p data-start=\"1664\" data-end=\"1687\">Hauteur : <strong data-start=\"1674\" data-end=\"1685\">13,9 cm<\/strong><\/p>\n<\/li>\n<\/ul>\n<p data-start=\"1689\" data-end=\"1743\">\u2714\ufe0f Format parfaitement adapt\u00e9 aux enveloppes standards<\/p>\n<\/li>\n<\/ul>\n<p><strong><u>Utilisation id\u00e9ale<\/u><\/strong><strong> :<\/strong><\/p>\n<p data-start=\"1776\" data-end=\"1951\">Ce carton d\u2019invitation personnalis\u00e9 est parfait pour :<br data-start=\"1830\" data-end=\"1833\" \/>\u2714\ufe0f anniversaire d\u2019enfant<br data-start=\"1857\" data-end=\"1860\" \/>\u2714\ufe0f anniversaire d\u2019adulte<br data-start=\"1884\" data-end=\"1887\" \/>\u2714\ufe0f anniversaire \u00e0 th\u00e8me<br data-start=\"1910\" data-end=\"1913\" \/>\u2714\ufe0f f\u00eate priv\u00e9e ou \u00e9v\u00e9nement familial<\/p>\n<p data-start=\"1953\" data-end=\"2024\">Une attention d\u00e9licate qui <strong data-start=\"1980\" data-end=\"2023\">marque les esprits avant m\u00eame le jour J<\/strong>.<\/p>\n<p data-start=\"2092\" data-end=\"2266\"><strong><u>Personnalisation<\/u><\/strong><strong> :<\/strong><\/p>\n<p data-start=\"2092\" data-end=\"2266\">Vous souhaitez personnaliser le <strong data-start=\"2124\" data-end=\"2171\">texte, les couleurs, le th\u00e8me ou l\u2019ambiance<\/strong> ?<br data-start=\"2173\" data-end=\"2176\" \/>Je vous accompagne pour cr\u00e9er une <strong data-start=\"2210\" data-end=\"2231\">invitation unique<\/strong>, en harmonie avec votre \u00e9v\u00e9nement.<\/p>\n<p data-start=\"2268\" data-end=\"2316\">\u270b <strong data-start=\"2270\" data-end=\"2316\">Contactez-moi pour une cr\u00e9ation sur mesure<\/strong><\/p>\n<p>\ud83e\udd0dChaque cr\u00e9ation est r\u00e9alis\u00e9e \u00e0 la main avec soin, patience et passion.<\/p>\n","protected":false},"excerpt":{"rendered":"<p><strong>Invitation personnalis\u00e9e \u2013 L\u2019\u00e9l\u00e9gance qui donne le ton de votre \u00e9v\u00e9nement d\u00e8s le premier regard<\/strong><\/p>\n","protected":false},"featured_media":1471,"comment_status":"open","ping_status":"closed","template":"","meta":[],"product_brand":[],"product_cat":[25,47],"product_tag":[],"class_list":{"0":"post-1539","1":"product","2":"type-product","3":"status-publish","4":"has-post-thumbnail","6":"product_cat-papeterie","7":"product_cat-les-creations-a-personnaliser","8":"wcpa_has_options","10":"first","11":"instock","12":"shipping-taxable","13":"purchasable","14":"product-type-simple"},"jetpack_sharing_enabled":true,"wcpa_form_fields":{"wcpaData":{"product":{"product_price":3.55,"price_html":"<span class=\"woocommerce-Price-amount amount\"><bdi>3,55&nbsp;<span class=\"woocommerce-Price-currencySymbol\">&euro;<\/span><\/bdi><\/span>","original_product_price":3.55,"price_including_tax":3.55,"price_excluding_tax":3.55,"product_id":{"parent":1539,"variation":false},"is_variable":false,"stock_status":"instock","stock_quantity":null,"parent_sku":"","product_attributes":[],"custom_fields":[],"is_taxable":false,"product_name":"Carton d\u2019Invitation Anniversaire Personnalis\u00e9 \u2013 Papeterie \u00e9l\u00e9gante & cr\u00e9ation sur mesure","hasImage":false},"fields":{"sec_6674a181dab7e4":{"extra":{"key":"sec_6674a181dab7e4","section_id":"sec_6674a181dab7e4","name":"Default","status":1,"cl_rule":"show","enableCl":false,"relations":[],"toggle":true,"title_tag":"h3","show_title":false,"showPrice":"default","form_id":1441,"form_rules":{"exclude_from_discount":false,"fee_label":"Obligatoire","disp_hide_options_price":false,"disp_show_section_price":false,"disp_show_field_price":false,"layout_option":"standard","pric_use_as_fee":false,"process_fee_as":"woo_fee"},"layout_option":"standard"},"fields":[[{"active":true,"col":6,"relations":false,"cl_rule":"show","enableCl":false,"price":"","enablePrice":false,"className":"","label_position":"default","desc_position":"default","type":"select","required":true,"elementId":"select_9091090051","label":"Choix du th\u00e8me","name":"select_9091090051","values":[{"label":"S\u00e9lectionner","value":"S\u00e9lectionner","selected":false,"tempId":"aco_3651","gt_translate_keys":["label"]},{"label":"1 Babyshower","value":"1 Babyshower","selected":false,"tempId":"aco_3053","gt_translate_keys":["label"]},{"label":"2 Tendre moment","value":"2 Tendre moment","selected":false,"tempId":"aco_2997","gt_translate_keys":["label"]},{"label":"3 C\u00e9l\u00e9bration florale 1","value":"3 C\u00e9l\u00e9bration florale 1","selected":false,"tempId":"aco_1171","gt_translate_keys":["label"]},{"label":"4 C\u00e9l\u00e9bration florale 2","value":"4 C\u00e9l\u00e9bration florale 2","selected":false,"tempId":"aco_1901","gt_translate_keys":["label"]},{"label":"5 Coeur de lapine","value":"5 Coeur de lapine","selected":false,"tempId":"aco_467","gt_translate_keys":["label"]},{"label":"6 Danceuse \u00e9toile","value":"6 Danceuse \u00e9toile","selected":false,"tempId":"aco_192","gt_translate_keys":["label"]},{"label":"7 Renard en f\u00eate","value":"7 Renard en f\u00eate","selected":false,"tempId":"aco_975","gt_translate_keys":["label"]},{"label":"8 Pretty renarde","value":"8 Pretty renarde","selected":false,"tempId":"aco_802","gt_translate_keys":["label"]},{"label":"9 Dans les \u00e9toiles","value":"9 Dans les \u00e9toiles","selected":false,"tempId":"aco_965","gt_translate_keys":["label"]},{"label":"10 Licorne magique","value":"10 Licorne Magique","selected":false,"tempId":"aco_178","gt_translate_keys":["label"]},{"label":"11 Renarde aux pays des r\u00eaves","value":"11 Renarde aux pays des r\u00eaves","selected":false,"tempId":"aco_2317","gt_translate_keys":["label"]},{"label":"12 La lapine et jardin enchant\u00e9","value":"12 La lapine et jardin enchant\u00e9","selected":false,"tempId":"aco_2913","gt_translate_keys":["label"]},{"label":"13 R\u00eaverie \u00e9ph\u00e9m\u00e8re","value":"13 R\u00eaverie \u00e9ph\u00e9m\u00e8re","selected":false,"tempId":"aco_1223","gt_translate_keys":["label"]},{"label":"14 Astronaute","value":"14 Astronaute","selected":false,"tempId":"aco_507","gt_translate_keys":["label"]},{"label":"15 Safari","value":"15 Safari","selected":false,"tempId":"aco_389","gt_translate_keys":["label"]},{"label":"16 Lumi\u00e8re des mers","value":"16 Lumi\u00e8re des mers","selected":false,"tempId":"aco_2714","gt_translate_keys":["label"]},{"label":"17 Cowboy","value":"17 Cowboy","selected":false,"tempId":"aco_1684","gt_translate_keys":["label"]},{"label":"18 Renard en vadrouille","value":"18 Renard en vadrouille","selected":false,"tempId":"aco_19","gt_translate_keys":["label"]},{"label":"19 Pompier","value":"19 Pompier","selected":false,"tempId":"aco_733","gt_translate_keys":["label"]},{"label":"20 Aviateur","value":"20 Aviateur","selected":false,"tempId":"aco_833","gt_translate_keys":["label"]},{"label":"21 Tendre ourson","value":"21 Tendre ourson","selected":false,"tempId":"aco_843","gt_translate_keys":["label"]},{"label":"22 Douceur florale","value":"22 Douceur florale","selected":false,"tempId":"aco_2969","gt_translate_keys":["label"]},{"label":"23 El\u00e9gance v\u00e9g\u00e9tale","value":"23 El\u00e9gance v\u00e9g\u00e9tale","selected":false,"tempId":"aco_2941","gt_translate_keys":["label"]},{"label":"24 Mariage","value":"24 Mariage","selected":false,"tempId":"aco_1431","gt_translate_keys":["label"]},{"label":"25 Cin\u00e9ma","value":"25 Cin\u00e9ma","selected":false,"tempId":"aco_191","gt_translate_keys":["label"]},{"label":"26 Eclat de couleurs","value":"26 Eclat de couleurs","selected":false,"tempId":"aco_3025","gt_translate_keys":["label"]},{"label":"27 Ourson en montgolfi\u00e8re","value":"27 Ourson en montgolfi\u00e8re","selected":false,"tempId":"aco_765","gt_translate_keys":["label"]}],"error":false,"dropdown_type":"basic","gt_translate_keys":["label"],"price_dependency":false,"cl_dependency":false,"value":""}]]},"sec_967993b9daf4fc":{"extra":{"key":"sec_967993b9daf4fc","section_id":"sec_967993b9daf4fc","name":"Default","status":1,"cl_rule":"show","enableCl":false,"relations":[],"toggle":true,"title_tag":"h3","show_title":false,"showPrice":"default","form_id":1540,"form_rules":{"exclude_from_discount":false,"fee_label":"Obligatoire","disp_hide_options_price":false,"disp_show_section_price":false,"disp_show_field_price":false,"layout_option":"standard","pric_use_as_fee":false,"process_fee_as":"woo_fee"},"layout_option":"standard"},"fields":[[{"active":true,"col":6,"relations":false,"cl_rule":"show","enableCl":false,"price":"","enablePrice":false,"className":"","label_position":"default","desc_position":"default","type":"text","subtype":"text","required":true,"elementId":"text_0955271201","label":"Inscription du pr\u00e9nom et \u00e2ge de la personne qui invite","name":"text_0955271201","value":"","error":false,"gt_translate_keys":["label","value"],"price_dependency":false,"cl_dependency":false}],[{"active":true,"col":6,"relations":false,"cl_rule":"show","enableCl":false,"price":"","enablePrice":false,"className":"","label_position":"default","desc_position":"default","type":"text","subtype":"text","required":true,"elementId":"text_8016681218","label":"Inscription pr\u00e9noms des personnes invit\u00e9es","name":"text_8016681218","value":"","error":false,"gt_translate_keys":["label","value"],"price_dependency":false,"cl_dependency":false}],[{"active":true,"col":6,"relations":false,"cl_rule":"show","enableCl":false,"price":"","enablePrice":false,"className":"","label_position":"default","desc_position":"default","type":"text","subtype":"text","required":true,"elementId":"text_6966225262","label":"Coordonn\u00e9es de l'\u00e9v\u00e8nement (adresse, num\u00e9ro de t\u00e9l\u00e9phone...)","name":"text_6966225262","value":"","error":false,"gt_translate_keys":["label","value"],"price_dependency":false,"cl_dependency":false}],[{"active":true,"col":6,"relations":false,"cl_rule":"show","enableCl":false,"price":"","enablePrice":false,"className":"","label_position":"default","desc_position":"default","type":"date","required":true,"elementId":"date_4476514529","name":"date_4476514529","label":"Date de l'\u00e9v\u00e8nement","picker_type":"custom","picker_mode":"single","error":false,"gt_translate_keys":["label"],"price_dependency":false,"cl_dependency":false,"value":""}]]}},"config":{"price_override":"","enable_recaptcha":false,"bind_quantity":false,"quantity_bind_formula":false,"disp_summ_show_option_price":false,"disp_summ_show_product_price":false,"disp_summ_show_total_price":false,"disp_summ_show_fee":false,"disp_summ_show_discount":false,"summary_title":"","options_total_label":"Prix des options","total_label":"Total","options_product_label":"Product Price","fee_label":"Obligatoire","discount_label":"Discount","has_price":true,"has_quantity_formula":false},"mc_unit":1,"tax_rate":1,"tax_rate_real":1,"discount":{"percentage":0,"fixed":0},"design":{"conf":{"LabelPosition":"above","DescPosition":"above","UploadField":"custom_1","QuantityFieldStyle":"default"},"css":{"LeftLabelWidth":"80px"}},"formulas":[],"lookuptables":[],"clones":false,"cartKey":false}},"_links":{"self":[{"href":"https:\/\/www.niangacreations.fr\/index.php\/wp-json\/wp\/v2\/product\/1539","targetHints":{"allow":["GET"]}}],"collection":[{"href":"https:\/\/www.niangacreations.fr\/index.php\/wp-json\/wp\/v2\/product"}],"about":[{"href":"https:\/\/www.niangacreations.fr\/index.php\/wp-json\/wp\/v2\/types\/product"}],"replies":[{"embeddable":true,"href":"https:\/\/www.niangacreations.fr\/index.php\/wp-json\/wp\/v2\/comments?post=1539"}],"wp:featuredmedia":[{"embeddable":true,"href":"https:\/\/www.niangacreations.fr\/index.php\/wp-json\/wp\/v2\/media\/1471"}],"wp:attachment":[{"href":"https:\/\/www.niangacreations.fr\/index.php\/wp-json\/wp\/v2\/media?parent=1539"}],"wp:term":[{"taxonomy":"product_brand","embeddable":true,"href":"https:\/\/www.niangacreations.fr\/index.php\/wp-json\/wp\/v2\/product_brand?post=1539"},{"taxonomy":"product_cat","embeddable":true,"href":"https:\/\/www.niangacreations.fr\/index.php\/wp-json\/wp\/v2\/product_cat?post=1539"},{"taxonomy":"product_tag","embeddable":true,"href":"https:\/\/www.niangacreations.fr\/index.php\/wp-json\/wp\/v2\/product_tag?post=1539"}],"curies":[{"name":"wp","href":"https:\/\/api.w.org\/{rel}","templated":true}]}}