{"id":1585,"date":"2025-03-20T18:00:28","date_gmt":"2025-03-20T17:00:28","guid":{"rendered":"https:\/\/www.niangacreations.fr\/?post_type=product&#038;p=1585"},"modified":"2025-09-24T20:54:23","modified_gmt":"2025-09-24T18:54:23","slug":"box-chocolats-de-paques","status":"publish","type":"product","link":"https:\/\/www.niangacreations.fr\/index.php\/produit\/box-chocolats-de-paques\/","title":{"rendered":"Box chocolats de P\u00e2ques"},"content":{"rendered":"<p data-start=\"95\" data-end=\"653\"><strong data-start=\"95\" data-end=\"201\">Faites de P\u00e2ques un d\u00e9lice avec notre bo\u00eete transparente personnalis\u00e9e rempli de chocolats !<\/strong> Offrez un cadeau raffin\u00e9 et gourmand avec nos chocolats de P\u00e2ques, pr\u00e9sent\u00e9s dans une bo\u00eete transparente \u00e9l\u00e9gante qui saura sublimer l&rsquo;exp\u00e9rience. Parfaite pour c\u00e9l\u00e9brer cette occasion sp\u00e9ciale, cette bo\u00eete transparente permet de voir chaque pi\u00e8ce de chocolat, tout en apportant une touche de l\u00e9g\u00e8ret\u00e9 et de sophistication. Que ce soit pour offrir ou pour embellir votre table de P\u00e2ques, elle fera fondre tous les gourmands.<\/p>\n<p data-start=\"655\" data-end=\"677\"><strong data-start=\"655\" data-end=\"677\">Caract\u00e9ristiques :<\/strong><\/p>\n<ul data-start=\"679\" data-end=\"1970\">\n<li data-start=\"679\" data-end=\"932\">\n<p data-start=\"681\" data-end=\"932\"><strong data-start=\"681\" data-end=\"712\">Bo\u00eete Transparente \u00c9l\u00e9gante<\/strong><br data-start=\"712\" data-end=\"715\" \/>La bo\u00eete est con\u00e7ue en mat\u00e9riau transparent, mettant en valeur les chocolats \u00e0 l&rsquo;int\u00e9rieur. Elle offre un aper\u00e7u clair et \u00e9l\u00e9gant des d\u00e9licieux chocolats de P\u00e2ques tout en \u00e9tant pratique et moderne. Je r\u00e9alise la bo\u00eete en son entier.<\/p>\n<\/li>\n<li data-start=\"934\" data-end=\"1211\">\n<p data-start=\"936\" data-end=\"1211\"><strong data-start=\"936\" data-end=\"970\">Chocolats de P\u00e2ques\u00a0<\/strong><br data-start=\"970\" data-end=\"973\" \/>\u00c0 l\u2019int\u00e9rieur, vous trouverez 5 minis \u0153ufs au chocolat au lait, un lapin kit kat (29 gr), 2 mignonettes (de 10 gr chacune) au chocolat au lait ainsi qu&rsquo;un mini sachet de bonbons.<\/p>\n<\/li>\n<li data-start=\"1464\" data-end=\"1734\">\n<p data-start=\"1466\" data-end=\"1734\"><strong data-start=\"1466\" data-end=\"1503\">Dimensions Pratiques et \u00c9l\u00e9gantes<\/strong><br data-start=\"1503\" data-end=\"1506\" \/>La bo\u00eete a des dimensions parfaitement adapt\u00e9es pour contenir une quantit\u00e9 id\u00e9ale de chocolats tout en restant \u00e9l\u00e9gante. Elle se pr\u00e9sente dans un format pratique pour \u00eatre offerte en cadeau ou dispos\u00e9e sur votre table de f\u00eate. (11,8 cm x 8 cm x 13 cm)<\/p>\n<\/li>\n<li data-start=\"1736\" data-end=\"1970\">\n<p data-start=\"1738\" data-end=\"1970\"><strong data-start=\"1738\" data-end=\"1767\">Vente \u00e0 l&rsquo;Unit\u00e9\u00a0<\/strong><br data-start=\"1767\" data-end=\"1770\" \/>Commandez le nombre exact de bo\u00eetes dont vous avez besoin pour vos invit\u00e9s ou votre \u00e9v\u00e9nement.<\/p>\n<\/li>\n<\/ul>\n","protected":false},"excerpt":{"rendered":"<p>Faites de P\u00e2ques un d\u00e9lice avec notre bo\u00eete transparente personnalis\u00e9e rempli de chocolats ! Offrez un cadeau raffin\u00e9 et gourmand avec nos chocolats de P\u00e2ques, pr\u00e9sent\u00e9s dans une bo\u00eete transparente \u00e9l\u00e9gante qui saura sublimer l&rsquo;exp\u00e9rience. Parfaite pour c\u00e9l\u00e9brer cette occasion sp\u00e9ciale, cette bo\u00eete transparente permet de voir chaque pi\u00e8ce de chocolat, tout en apportant une [&hellip;]<\/p>\n","protected":false},"featured_media":1620,"comment_status":"open","ping_status":"closed","template":"","meta":[],"product_brand":[],"product_cat":[38,36],"product_tag":[],"class_list":{"0":"post-1585","1":"product","2":"type-product","3":"status-publish","4":"has-post-thumbnail","6":"product_cat-les-creations-de-saison","7":"product_cat-paques","9":"first","10":"outofstock","11":"shipping-taxable","12":"purchasable","13":"product-type-simple"},"jetpack_sharing_enabled":true,"wcpa_form_fields":null,"_links":{"self":[{"href":"https:\/\/www.niangacreations.fr\/index.php\/wp-json\/wp\/v2\/product\/1585","targetHints":{"allow":["GET"]}}],"collection":[{"href":"https:\/\/www.niangacreations.fr\/index.php\/wp-json\/wp\/v2\/product"}],"about":[{"href":"https:\/\/www.niangacreations.fr\/index.php\/wp-json\/wp\/v2\/types\/product"}],"replies":[{"embeddable":true,"href":"https:\/\/www.niangacreations.fr\/index.php\/wp-json\/wp\/v2\/comments?post=1585"}],"wp:featuredmedia":[{"embeddable":true,"href":"https:\/\/www.niangacreations.fr\/index.php\/wp-json\/wp\/v2\/media\/1620"}],"wp:attachment":[{"href":"https:\/\/www.niangacreations.fr\/index.php\/wp-json\/wp\/v2\/media?parent=1585"}],"wp:term":[{"taxonomy":"product_brand","embeddable":true,"href":"https:\/\/www.niangacreations.fr\/index.php\/wp-json\/wp\/v2\/product_brand?post=1585"},{"taxonomy":"product_cat","embeddable":true,"href":"https:\/\/www.niangacreations.fr\/index.php\/wp-json\/wp\/v2\/product_cat?post=1585"},{"taxonomy":"product_tag","embeddable":true,"href":"https:\/\/www.niangacreations.fr\/index.php\/wp-json\/wp\/v2\/product_tag?post=1585"}],"curies":[{"name":"wp","href":"https:\/\/api.w.org\/{rel}","templated":true}]}}