{"id":2633,"date":"2025-11-01T18:00:05","date_gmt":"2025-11-01T17:00:05","guid":{"rendered":"https:\/\/www.niangacreations.fr\/?post_type=product&#038;p=2633"},"modified":"2025-12-12T17:23:45","modified_gmt":"2025-12-12T16:23:45","slug":"sac-cadeau-sous-le-sapin","status":"publish","type":"product","link":"https:\/\/www.niangacreations.fr\/index.php\/produit\/sac-cadeau-sous-le-sapin\/","title":{"rendered":"Sac cadeau \u00ab\u00a0Sous le sapin\u00a0\u00bb"},"content":{"rendered":"<p data-start=\"114\" data-end=\"364\">Cr\u00e9ez des souvenirs inoubliables avec ce sac cadeau en papier \u00e9pais 3D, \u00e0 la fois pratique et \u00e9l\u00e9gant. Id\u00e9al pour mettre sous le sapin, il apportera une <strong data-start=\"313\" data-end=\"347\">touche personnelle et raffin\u00e9e<\/strong> \u00e0 vos cadeaux.<\/p>\n<p data-start=\"366\" data-end=\"386\"><strong data-start=\"366\" data-end=\"384\">Points forts :<\/strong><\/p>\n<ul data-start=\"388\" data-end=\"751\">\n<li data-start=\"388\" data-end=\"471\">\n<p data-start=\"390\" data-end=\"471\"><strong data-start=\"390\" data-end=\"424\">Personnalisable avec le pr\u00e9nom<\/strong> : un cadeau unique qui fait vraiment plaisir<\/p>\n<\/li>\n<li data-start=\"472\" data-end=\"562\">\n<p data-start=\"474\" data-end=\"562\"><strong data-start=\"474\" data-end=\"512\">Papier \u00e9pais de qualit\u00e9 sup\u00e9rieure<\/strong> : r\u00e9sistant et chic, pour prot\u00e9ger vos pr\u00e9sents<\/p>\n<\/li>\n<li data-start=\"563\" data-end=\"627\">\n<p data-start=\"565\" data-end=\"627\"><strong data-start=\"565\" data-end=\"587\">Design 3D original<\/strong> : tient debout et sublime vos cadeaux<\/p>\n<\/li>\n<li data-start=\"628\" data-end=\"679\">\n<p data-start=\"630\" data-end=\"679\"><strong data-start=\"630\" data-end=\"648\">Sac livr\u00e9 vide<\/strong> : \u00e0 remplir selon vos envies<\/p>\n<\/li>\n<li data-start=\"680\" data-end=\"751\">\n<p data-start=\"682\" data-end=\"751\"><strong data-start=\"682\" data-end=\"701\">Vente \u00e0 l\u2019unit\u00e9<\/strong> : commandez uniquement ce dont vous avez besoin<\/p>\n<\/li>\n<\/ul>\n<p data-start=\"753\" data-end=\"771\"><strong data-start=\"753\" data-end=\"769\">Dimensions :<\/strong><\/p>\n<ul data-start=\"773\" data-end=\"815\">\n<li data-start=\"773\" data-end=\"794\">\n<p data-start=\"775\" data-end=\"794\">Hauteur : 17,1 cm<\/p>\n<\/li>\n<li data-start=\"795\" data-end=\"815\">\n<p data-start=\"797\" data-end=\"815\">Largeur : 8,8 cm<\/p>\n<\/li>\n<\/ul>\n<p data-start=\"817\" data-end=\"843\"><strong data-start=\"817\" data-end=\"841\">Utilisation id\u00e9ale :<\/strong><\/p>\n<p data-start=\"845\" data-end=\"1075\">Ce sac est parfait pour contenir friandises, chocolats, bijoux, petits savons, accessoires ou tout autre petit cadeau. Il convient aussi bien comme emballage cadeau pour invit\u00e9s que comme \u00e9l\u00e9ment d\u00e9coratif sur une table festive.<\/p>\n","protected":false},"excerpt":{"rendered":"<p><strong>Emballez vos cadeaux avec style et une touche personnelle !<\/strong><\/p>\n","protected":false},"featured_media":2792,"comment_status":"open","ping_status":"closed","template":"","meta":[],"product_brand":[],"product_cat":[38,40],"product_tag":[],"class_list":{"0":"post-2633","1":"product","2":"type-product","3":"status-publish","4":"has-post-thumbnail","6":"product_cat-les-creations-de-saison","7":"product_cat-noel","8":"wcpa_has_options","10":"first","11":"outofstock","12":"shipping-taxable","13":"purchasable","14":"product-type-simple"},"jetpack_sharing_enabled":true,"wcpa_form_fields":{"wcpaData":{"product":{"product_price":6.49,"price_html":"<span class=\"woocommerce-Price-amount amount\"><bdi>6,49&nbsp;<span class=\"woocommerce-Price-currencySymbol\">&euro;<\/span><\/bdi><\/span>","original_product_price":6.49,"price_including_tax":6.49,"price_excluding_tax":6.49,"product_id":{"parent":2633,"variation":false},"is_variable":false,"stock_status":"outofstock","stock_quantity":null,"parent_sku":"","product_attributes":[],"custom_fields":[],"is_taxable":false,"product_name":"Sac cadeau \"Sous le sapin\"","hasImage":false},"fields":{"sec_6690b5599a80dd":{"extra":{"key":"sec_6690b5599a80dd","section_id":"sec_6690b5599a80dd","name":"Default","status":1,"cl_rule":"show","enableCl":false,"relations":[],"toggle":true,"title_tag":"h3","show_title":false,"showPrice":"default","form_id":2862,"form_rules":{"exclude_from_discount":false,"fee_label":"Obligatoire","disp_hide_options_price":false,"disp_show_section_price":false,"disp_show_field_price":false,"layout_option":"standard","pric_use_as_fee":false,"process_fee_as":"woo_fee"},"layout_option":"standard"},"fields":[[{"active":true,"col":6,"relations":false,"cl_rule":"show","enableCl":false,"price":"","enablePrice":false,"className":"","label_position":"default","desc_position":"default","type":"text","subtype":"text","required":true,"elementId":"text_3504958221","label":"Pr\u00e9nom souhait\u00e9","name":"text_3504958221","value":"","caseType":"default","isWeightTemplate":false,"error":false,"isTemplate":false,"min_quantity":"1","quantity_decimal":false,"quantity_step":"1","quantity_label":"Quantity","repeater_field_label":"{field_label}","repeater_bind":"","gt_translate_keys":["label","value","repeater_field_label","quantity_label"],"price_dependency":false,"cl_dependency":false}]]}},"config":{"price_override":"","enable_recaptcha":false,"bind_quantity":false,"quantity_bind_formula":false,"disp_summ_show_option_price":false,"disp_summ_show_product_price":false,"disp_summ_show_total_price":false,"disp_summ_show_fee":false,"disp_summ_show_discount":false,"summary_title":"","options_total_label":"Prix des options","total_label":"Total","options_product_label":"Product Price","fee_label":"Obligatoire","discount_label":"Discount","has_price":true,"has_quantity_formula":false},"mc_unit":1,"tax_rate":1,"tax_rate_real":1,"discount":{"percentage":0,"fixed":0},"design":{"conf":{"LabelPosition":"above","DescPosition":"above","UploadField":"custom_1","QuantityFieldStyle":"default"},"css":{"LeftLabelWidth":"80px"}},"formulas":[],"lookuptables":[],"clones":false,"cartKey":false}},"_links":{"self":[{"href":"https:\/\/www.niangacreations.fr\/index.php\/wp-json\/wp\/v2\/product\/2633","targetHints":{"allow":["GET"]}}],"collection":[{"href":"https:\/\/www.niangacreations.fr\/index.php\/wp-json\/wp\/v2\/product"}],"about":[{"href":"https:\/\/www.niangacreations.fr\/index.php\/wp-json\/wp\/v2\/types\/product"}],"replies":[{"embeddable":true,"href":"https:\/\/www.niangacreations.fr\/index.php\/wp-json\/wp\/v2\/comments?post=2633"}],"wp:featuredmedia":[{"embeddable":true,"href":"https:\/\/www.niangacreations.fr\/index.php\/wp-json\/wp\/v2\/media\/2792"}],"wp:attachment":[{"href":"https:\/\/www.niangacreations.fr\/index.php\/wp-json\/wp\/v2\/media?parent=2633"}],"wp:term":[{"taxonomy":"product_brand","embeddable":true,"href":"https:\/\/www.niangacreations.fr\/index.php\/wp-json\/wp\/v2\/product_brand?post=2633"},{"taxonomy":"product_cat","embeddable":true,"href":"https:\/\/www.niangacreations.fr\/index.php\/wp-json\/wp\/v2\/product_cat?post=2633"},{"taxonomy":"product_tag","embeddable":true,"href":"https:\/\/www.niangacreations.fr\/index.php\/wp-json\/wp\/v2\/product_tag?post=2633"}],"curies":[{"name":"wp","href":"https:\/\/api.w.org\/{rel}","templated":true}]}}