{"id":2645,"date":"2025-11-01T18:00:09","date_gmt":"2025-11-01T17:00:09","guid":{"rendered":"https:\/\/www.niangacreations.fr\/?post_type=product&#038;p=2645"},"modified":"2025-12-12T17:23:13","modified_gmt":"2025-12-12T16:23:13","slug":"etiquette-cadeau-de-noel-lot-de-4","status":"publish","type":"product","link":"https:\/\/www.niangacreations.fr\/index.php\/produit\/etiquette-cadeau-de-noel-lot-de-4\/","title":{"rendered":"Etiquette cadeau de No\u00ebl &#8211; lot de 4"},"content":{"rendered":"<p>Offrez plus qu\u2019un cadeau\u2026 <strong data-start=\"643\" data-end=\"665\">offrez une \u00e9motion<\/strong>.<br data-start=\"666\" data-end=\"669\" \/>Ces <strong data-start=\"673\" data-end=\"703\">\u00e9tiquettes pour vos cadeaux de No\u00ebl <\/strong>sont une attention \u00e0 glisser au creux de vos emballages .<br data-start=\"777\" data-end=\"780\" \/>Con\u00e7ues dans notre atelier avec soin et douceur, elles apportent une touche artisanale et \u00e9l\u00e9gante \u00e0 vos pr\u00e9sents, pour que chaque d\u00e9tail compte. Vous pouvez y glisser un petit mot \u00e0 l&rsquo;arri\u00e8re.<\/p>\n<h6 data-start=\"932\" data-end=\"961\"><strong data-start=\"939\" data-end=\"961\">D\u00e9tails du produit<\/strong><\/h6>\n<ul data-start=\"962\" data-end=\"1270\">\n<li data-start=\"962\" data-end=\"1015\">\n<p data-start=\"964\" data-end=\"1015\">Lot de <strong data-start=\"971\" data-end=\"1003\">4 \u00e9tiquettes cadeaux de No\u00ebl<\/strong> assorties<\/p>\n<\/li>\n<li data-start=\"1016\" data-end=\"1077\">\n<p data-start=\"1018\" data-end=\"1077\">Papier de <strong data-start=\"1028\" data-end=\"1047\">qualit\u00e9 premium \u00e9pais<\/strong><\/p>\n<\/li>\n<li data-start=\"1078\" data-end=\"1138\">\n<p data-start=\"1080\" data-end=\"1138\"><strong data-start=\"1080\" data-end=\"1100\">Ficelle <\/strong>incluse pour une attache raffin\u00e9e<\/p>\n<\/li>\n<li data-start=\"1139\" data-end=\"1190\">\n<p data-start=\"1141\" data-end=\"1190\">Taille id\u00e9ale pour s\u2019adapter \u00e0 tous vos paquets<\/p>\n<\/li>\n<\/ul>\n","protected":false},"excerpt":{"rendered":"<p>Sublimez vos paquets avec nos \u00e9tiquettes cadeaux de No\u00ebl artisanales. Un lot de 4 cr\u00e9ations po\u00e9tiques pour des pr\u00e9sents pleins de charme et d\u2019amour.<\/p>\n","protected":false},"featured_media":2784,"comment_status":"open","ping_status":"closed","template":"","meta":[],"product_brand":[],"product_cat":[38,40],"product_tag":[],"class_list":{"0":"post-2645","1":"product","2":"type-product","3":"status-publish","4":"has-post-thumbnail","6":"product_cat-les-creations-de-saison","7":"product_cat-noel","9":"first","10":"outofstock","11":"shipping-taxable","12":"product-type-simple"},"jetpack_sharing_enabled":true,"wcpa_form_fields":null,"_links":{"self":[{"href":"https:\/\/www.niangacreations.fr\/index.php\/wp-json\/wp\/v2\/product\/2645","targetHints":{"allow":["GET"]}}],"collection":[{"href":"https:\/\/www.niangacreations.fr\/index.php\/wp-json\/wp\/v2\/product"}],"about":[{"href":"https:\/\/www.niangacreations.fr\/index.php\/wp-json\/wp\/v2\/types\/product"}],"replies":[{"embeddable":true,"href":"https:\/\/www.niangacreations.fr\/index.php\/wp-json\/wp\/v2\/comments?post=2645"}],"wp:featuredmedia":[{"embeddable":true,"href":"https:\/\/www.niangacreations.fr\/index.php\/wp-json\/wp\/v2\/media\/2784"}],"wp:attachment":[{"href":"https:\/\/www.niangacreations.fr\/index.php\/wp-json\/wp\/v2\/media?parent=2645"}],"wp:term":[{"taxonomy":"product_brand","embeddable":true,"href":"https:\/\/www.niangacreations.fr\/index.php\/wp-json\/wp\/v2\/product_brand?post=2645"},{"taxonomy":"product_cat","embeddable":true,"href":"https:\/\/www.niangacreations.fr\/index.php\/wp-json\/wp\/v2\/product_cat?post=2645"},{"taxonomy":"product_tag","embeddable":true,"href":"https:\/\/www.niangacreations.fr\/index.php\/wp-json\/wp\/v2\/product_tag?post=2645"}],"curies":[{"name":"wp","href":"https:\/\/api.w.org\/{rel}","templated":true}]}}