{"id":2646,"date":"2025-11-01T18:00:42","date_gmt":"2025-11-01T17:00:42","guid":{"rendered":"https:\/\/www.niangacreations.fr\/?post_type=product&#038;p=2646"},"modified":"2025-12-12T17:21:47","modified_gmt":"2025-12-12T16:21:47","slug":"boite-cadeau-a-offrir-2-chocolats","status":"publish","type":"product","link":"https:\/\/www.niangacreations.fr\/index.php\/produit\/boite-cadeau-a-offrir-2-chocolats\/","title":{"rendered":"Bo\u00eete cadeau &#8211; 2 chocolats"},"content":{"rendered":"<p data-start=\"437\" data-end=\"727\">Une attention gourmande pour dire <em data-start=\"471\" data-end=\"478\">merci<\/em> avec \u00e9l\u00e9gance.<br data-start=\"493\" data-end=\"496\" \/>Cette <strong data-start=\"502\" data-end=\"544\">petite bo\u00eete renfermant deux chocolats<\/strong> est pens\u00e9e pour ajouter une note raffin\u00e9e et po\u00e9tique \u00e0 votre table de f\u00eate.<br data-start=\"621\" data-end=\"624\" \/>Plac\u00e9e sur chaque assiette, elle devient un charmant cadeau invit\u00e9, \u00e0 la fois savoureux et d\u00e9coratif.<\/p>\n<p data-start=\"729\" data-end=\"925\">R\u00e9alis\u00e9e avec soin et d\u00e9licatesse, elle s\u2019accorde parfaitement \u00e0 une d\u00e9coration de No\u00ebl, un mariage d\u2019hiver ou tout autre moment de c\u00e9l\u00e9bration.<br data-start=\"873\" data-end=\"876\" \/>Une douceur \u00e0 offrir, un sourire \u00e0 r\u00e9colter.<\/p>\n<p data-start=\"729\" data-end=\"925\">D\u00e9tails du produit :<\/p>\n<ul>\n<li data-start=\"965\" data-end=\"1047\">\n<p data-start=\"967\" data-end=\"1047\">Petite bo\u00eete contenant <strong data-start=\"990\" data-end=\"1005\">2 chocolats<\/strong><\/p>\n<\/li>\n<li data-start=\"1048\" data-end=\"1084\">\n<p data-start=\"1050\" data-end=\"1084\">Pr\u00e9sentation \u00e9l\u00e9gante et soign\u00e9e<\/p>\n<\/li>\n<li data-start=\"1085\" data-end=\"1118\">\n<p data-start=\"1087\" data-end=\"1118\">Papier et finitions d\u00e9licates avec un petit ruban en guise de poignet<\/p>\n<\/li>\n<li data-start=\"1119\" data-end=\"1182\">\n<p data-start=\"1121\" data-end=\"1182\">Id\u00e9ale comme <strong data-start=\"1134\" data-end=\"1151\">cadeau invit\u00e9<\/strong> <strong data-start=\"1155\" data-end=\"1180\">gourmand<\/strong><\/p>\n<\/li>\n<li data-start=\"1183\" data-end=\"1249\">\n<p data-start=\"1185\" data-end=\"1249\">\u00c0 disposer sur la table pour sublimer votre d\u00e9coration festive<\/p>\n<\/li>\n<li data-start=\"1250\" data-end=\"1280\">\n<p data-start=\"1252\" data-end=\"1280\">Dimensions : 3 cm x 7 cm<\/p>\n<\/li>\n<\/ul>\n","protected":false},"excerpt":{"rendered":"<p><strong>Offrez une touche de douceur \u00e0 vos invit\u00e9s avec une d\u00e9licate bo\u00eete de chocolats \u00e0 offrir qui sublime votre table de f\u00eate<\/strong><\/p>\n","protected":false},"featured_media":2819,"comment_status":"open","ping_status":"closed","template":"","meta":[],"product_brand":[],"product_cat":[38,40],"product_tag":[],"class_list":{"0":"post-2646","1":"product","2":"type-product","3":"status-publish","4":"has-post-thumbnail","6":"product_cat-les-creations-de-saison","7":"product_cat-noel","9":"first","10":"outofstock","11":"shipping-taxable","12":"product-type-simple"},"jetpack_sharing_enabled":true,"wcpa_form_fields":null,"_links":{"self":[{"href":"https:\/\/www.niangacreations.fr\/index.php\/wp-json\/wp\/v2\/product\/2646","targetHints":{"allow":["GET"]}}],"collection":[{"href":"https:\/\/www.niangacreations.fr\/index.php\/wp-json\/wp\/v2\/product"}],"about":[{"href":"https:\/\/www.niangacreations.fr\/index.php\/wp-json\/wp\/v2\/types\/product"}],"replies":[{"embeddable":true,"href":"https:\/\/www.niangacreations.fr\/index.php\/wp-json\/wp\/v2\/comments?post=2646"}],"wp:featuredmedia":[{"embeddable":true,"href":"https:\/\/www.niangacreations.fr\/index.php\/wp-json\/wp\/v2\/media\/2819"}],"wp:attachment":[{"href":"https:\/\/www.niangacreations.fr\/index.php\/wp-json\/wp\/v2\/media?parent=2646"}],"wp:term":[{"taxonomy":"product_brand","embeddable":true,"href":"https:\/\/www.niangacreations.fr\/index.php\/wp-json\/wp\/v2\/product_brand?post=2646"},{"taxonomy":"product_cat","embeddable":true,"href":"https:\/\/www.niangacreations.fr\/index.php\/wp-json\/wp\/v2\/product_cat?post=2646"},{"taxonomy":"product_tag","embeddable":true,"href":"https:\/\/www.niangacreations.fr\/index.php\/wp-json\/wp\/v2\/product_tag?post=2646"}],"curies":[{"name":"wp","href":"https:\/\/api.w.org\/{rel}","templated":true}]}}