{"id":2849,"date":"2025-11-01T18:00:55","date_gmt":"2025-11-01T17:00:55","guid":{"rendered":"https:\/\/www.niangacreations.fr\/?post_type=product&#038;p=2849"},"modified":"2025-12-12T17:17:33","modified_gmt":"2025-12-12T16:17:33","slug":"doux-ecrin-de-fete","status":"publish","type":"product","link":"https:\/\/www.niangacreations.fr\/index.php\/produit\/doux-ecrin-de-fete\/","title":{"rendered":"Doux \u00e9crin de f\u00eate &#8211; crackers"},"content":{"rendered":"<p data-start=\"628\" data-end=\"865\">Sublimez votre table avec une petite attention pleine de charme\u2026<br data-start=\"692\" data-end=\"695\" \/>Le <strong data-start=\"698\" data-end=\"720\">Doux \u00c9crin de F\u00eate<\/strong> est une <strong data-start=\"729\" data-end=\"764\">bo\u00eete cadeau fa\u00e7onn\u00e9e \u00e0 la main<\/strong>, pens\u00e9e pour accueillir une douceur, un petit mot ou une d\u00e9licate surprise \u00e0 offrir \u00e0 vos invit\u00e9s.<\/p>\n<p data-start=\"867\" data-end=\"1140\">Sa forme de bonbon et ses finitions soign\u00e9es apportent une <strong data-start=\"926\" data-end=\"954\">note \u00e9l\u00e9gante et festive<\/strong> \u00e0 vos d\u00e9corations de table.<br data-start=\"982\" data-end=\"985\" \/>Plac\u00e9e sur une assiette ou au centre d\u2019une composition, elle attire le regard et fait na\u00eetre un sourire \u2014 la magie simple des d\u00e9tails faits avec le c\u0153ur.<\/p>\n<p data-start=\"1142\" data-end=\"1343\">Chaque \u00e9crin est con\u00e7u avec <strong data-start=\"1170\" data-end=\"1196\">passion et d\u00e9licatesse<\/strong>, dans l\u2019esprit raffin\u00e9 et po\u00e9tique de <strong data-start=\"1235\" data-end=\"1255\">Nianga Cr\u00e9ations<\/strong>.<br data-start=\"1256\" data-end=\"1259\" \/>Une jolie mani\u00e8re d\u2019offrir un moment d\u2019attention, de gourmandise et de partage.<\/p>\n<p data-start=\"1142\" data-end=\"1343\">\n","protected":false},"excerpt":{"rendered":"<p><strong>Apportez une touche de po\u00e9sie \u00e0 vos tables de f\u00eate avec le Doux \u00c9crin de F\u00eate, une d\u00e9licate bo\u00eete en forme de bonbon, parfaite pour glisser des chocolats ou une tendre attention.<\/strong><\/p>\n","protected":false},"featured_media":2780,"comment_status":"open","ping_status":"closed","template":"","meta":[],"product_brand":[],"product_cat":[38,40],"product_tag":[],"class_list":{"0":"post-2849","1":"product","2":"type-product","3":"status-publish","4":"has-post-thumbnail","6":"product_cat-les-creations-de-saison","7":"product_cat-noel","9":"first","10":"outofstock","11":"shipping-taxable","12":"purchasable","13":"product-type-simple"},"jetpack_sharing_enabled":true,"wcpa_form_fields":null,"_links":{"self":[{"href":"https:\/\/www.niangacreations.fr\/index.php\/wp-json\/wp\/v2\/product\/2849","targetHints":{"allow":["GET"]}}],"collection":[{"href":"https:\/\/www.niangacreations.fr\/index.php\/wp-json\/wp\/v2\/product"}],"about":[{"href":"https:\/\/www.niangacreations.fr\/index.php\/wp-json\/wp\/v2\/types\/product"}],"replies":[{"embeddable":true,"href":"https:\/\/www.niangacreations.fr\/index.php\/wp-json\/wp\/v2\/comments?post=2849"}],"wp:featuredmedia":[{"embeddable":true,"href":"https:\/\/www.niangacreations.fr\/index.php\/wp-json\/wp\/v2\/media\/2780"}],"wp:attachment":[{"href":"https:\/\/www.niangacreations.fr\/index.php\/wp-json\/wp\/v2\/media?parent=2849"}],"wp:term":[{"taxonomy":"product_brand","embeddable":true,"href":"https:\/\/www.niangacreations.fr\/index.php\/wp-json\/wp\/v2\/product_brand?post=2849"},{"taxonomy":"product_cat","embeddable":true,"href":"https:\/\/www.niangacreations.fr\/index.php\/wp-json\/wp\/v2\/product_cat?post=2849"},{"taxonomy":"product_tag","embeddable":true,"href":"https:\/\/www.niangacreations.fr\/index.php\/wp-json\/wp\/v2\/product_tag?post=2849"}],"curies":[{"name":"wp","href":"https:\/\/api.w.org\/{rel}","templated":true}]}}