{"id":596,"date":"2024-09-17T11:19:15","date_gmt":"2024-09-17T09:19:15","guid":{"rendered":"https:\/\/www.niangacreations.fr\/?post_type=product&#038;p=596"},"modified":"2026-01-10T14:06:53","modified_gmt":"2026-01-10T13:06:53","slug":"pot-a-pop-corn","status":"publish","type":"product","link":"https:\/\/www.niangacreations.fr\/index.php\/produit\/pot-a-pop-corn\/","title":{"rendered":"Pot \u00e0 Popcorn Personnalis\u00e9 \u2013 D\u00e9coration Sweet Table &#038; Cadeau Invit\u00e9"},"content":{"rendered":"<p data-start=\"365\" data-end=\"508\">Apportez une touche festive et personnalis\u00e9e \u00e0 votre \u00e9v\u00e9nement avec ce <strong data-start=\"436\" data-end=\"466\">pot \u00e0 popcorn personnalis\u00e9<\/strong>, parfait pour sublimer votre sweet table.<\/p>\n<p data-start=\"510\" data-end=\"826\">\u00c0 la fois d\u00e9coratif et pratique, il peut accueillir du <strong data-start=\"565\" data-end=\"625\">popcorn, des bonbons, des chocolats ou de petits cadeaux<\/strong>, tout en s\u2019harmonisant avec le th\u00e8me de votre \u00e9v\u00e9nement. Id\u00e9al pour un <strong data-start=\"697\" data-end=\"774\">anniversaire, un mariage, un bapt\u00eame, une baby shower ou une f\u00eate \u00e0 th\u00e8me<\/strong>, ce pot devient un v\u00e9ritable \u00e9l\u00e9ment de d\u00e9coration.<\/p>\n<p data-start=\"833\" data-end=\"853\"><strong>Points forts :<\/strong><\/p>\n<ul>\n<li data-start=\"855\" data-end=\"1212\"><strong data-start=\"857\" data-end=\"885\">D\u00e9coration personnalis\u00e9e<\/strong> : s\u2019adapte \u00e0 votre th\u00e8me et \u00e0 vos couleurs<\/li>\n<li data-start=\"855\" data-end=\"1212\"><strong data-start=\"933\" data-end=\"947\">Polyvalent<\/strong> : id\u00e9al pour popcorn, bonbons ou petites attentions<\/li>\n<li data-start=\"855\" data-end=\"1212\"><strong data-start=\"1004\" data-end=\"1024\">Finition soign\u00e9e<\/strong> : papier brillant pour un rendu \u00e9l\u00e9gant et festif<\/li>\n<li data-start=\"855\" data-end=\"1212\"><strong data-start=\"1079\" data-end=\"1098\">Format pratique<\/strong> : parfait pour une sweet table harmonieuse<\/li>\n<li data-start=\"855\" data-end=\"1212\"><strong data-start=\"1146\" data-end=\"1165\">Vendu \u00e0 l\u2019unit\u00e9<\/strong> : pot livr\u00e9 vide, \u00e0 remplir selon vos envies<\/li>\n<\/ul>\n<p data-start=\"1219\" data-end=\"1237\"><strong>Dimensions :<\/strong><\/p>\n<ul data-start=\"1239\" data-end=\"1270\">\n<li data-start=\"1239\" data-end=\"1270\">\n<p data-start=\"1241\" data-end=\"1270\"><strong data-start=\"1241\" data-end=\"1252\">Hauteur<\/strong> : environ 12 cm<\/p>\n<\/li>\n<\/ul>\n<p data-start=\"1277\" data-end=\"1303\"><strong>Utilisation id\u00e9ale :<\/strong><\/p>\n<p data-start=\"1305\" data-end=\"1394\">\u2714\ufe0f sweet table d\u2019anniversaire<br data-start=\"1334\" data-end=\"1337\" \/>\u2714\ufe0f candy bar<br data-start=\"1349\" data-end=\"1352\" \/>\u2714\ufe0f mariage<br data-start=\"1362\" data-end=\"1365\" \/>\u2714\ufe0f bapt\u00eame<br data-start=\"1375\" data-end=\"1378\" \/>\u2714\ufe0f baby shower<\/p>\n<p data-start=\"1396\" data-end=\"1463\">Un d\u00e9tail gourmand qui attire le regard et fait plaisir \u00e0 coup s\u00fbr.<\/p>\n<p data-start=\"1396\" data-end=\"1463\"><strong>Personnalisation :<\/strong><\/p>\n<p data-start=\"1507\" data-end=\"1647\">Vous souhaitez assortir vos pots \u00e0 l\u2019ensemble de votre d\u00e9coration ?<br data-start=\"1574\" data-end=\"1577\" \/>Je vous accompagne pour cr\u00e9er une sweet table parfaitement harmonis\u00e9e.<\/p>\n<p data-start=\"1649\" data-end=\"1706\">\ud83d\udc49 <strong data-start=\"1652\" data-end=\"1706\">Contactez-moi pour une personnalisation sur mesure<\/strong><\/p>\n<p data-start=\"1713\" data-end=\"1737\"><em data-start=\"1741\" data-end=\"1809\">\ud83e\udd0d Parce qu\u2019une sweet table r\u00e9ussie passe aussi par de jolis d\u00e9tails.<\/em><\/p>\n","protected":false},"excerpt":{"rendered":"<p data-start=\"272\" data-end=\"337\"><strong data-start=\"272\" data-end=\"337\">Un indispensable d\u00e9coratif et gourmand pour votre sweet table<\/strong><\/p>\n<p class=\"p1\">\n","protected":false},"featured_media":1329,"comment_status":"open","ping_status":"closed","template":"","meta":[],"product_brand":[],"product_cat":[24,47],"product_tag":[],"class_list":{"0":"post-596","1":"product","2":"type-product","3":"status-publish","4":"has-post-thumbnail","6":"product_cat-gourmandises","7":"product_cat-les-creations-a-personnaliser","8":"wcpa_has_options","10":"first","11":"instock","12":"shipping-taxable","13":"purchasable","14":"product-type-simple"},"jetpack_sharing_enabled":true,"wcpa_form_fields":{"wcpaData":{"product":{"product_price":2.5,"price_html":"<span class=\"woocommerce-Price-amount amount\"><bdi>2,50&nbsp;<span class=\"woocommerce-Price-currencySymbol\">&euro;<\/span><\/bdi><\/span>","original_product_price":2.5,"price_including_tax":2.5,"price_excluding_tax":2.5,"product_id":{"parent":596,"variation":false},"is_variable":false,"stock_status":"instock","stock_quantity":null,"parent_sku":"","product_attributes":{"choix":{"is_variation":false,"values":["2D","3D"]}},"custom_fields":[],"is_taxable":false,"product_name":"Pot \u00e0 Popcorn Personnalis\u00e9 \u2013 D\u00e9coration Sweet Table & Cadeau Invit\u00e9","hasImage":false},"fields":{"sec_6674a181dab7e4":{"extra":{"key":"sec_6674a181dab7e4","section_id":"sec_6674a181dab7e4","name":"Default","status":1,"cl_rule":"show","enableCl":false,"relations":[],"toggle":true,"title_tag":"h3","show_title":false,"showPrice":"default","form_id":1441,"form_rules":{"exclude_from_discount":false,"fee_label":"Obligatoire","disp_hide_options_price":false,"disp_show_section_price":false,"disp_show_field_price":false,"layout_option":"standard","pric_use_as_fee":false,"process_fee_as":"woo_fee"},"layout_option":"standard"},"fields":[[{"active":true,"col":6,"relations":false,"cl_rule":"show","enableCl":false,"price":"","enablePrice":false,"className":"","label_position":"default","desc_position":"default","type":"select","required":true,"elementId":"select_9091090051","label":"Choix du th\u00e8me","name":"select_9091090051","values":[{"label":"S\u00e9lectionner","value":"S\u00e9lectionner","selected":false,"tempId":"aco_3651","gt_translate_keys":["label"]},{"label":"1 Babyshower","value":"1 Babyshower","selected":false,"tempId":"aco_3053","gt_translate_keys":["label"]},{"label":"2 Tendre moment","value":"2 Tendre moment","selected":false,"tempId":"aco_2997","gt_translate_keys":["label"]},{"label":"3 C\u00e9l\u00e9bration florale 1","value":"3 C\u00e9l\u00e9bration florale 1","selected":false,"tempId":"aco_1171","gt_translate_keys":["label"]},{"label":"4 C\u00e9l\u00e9bration florale 2","value":"4 C\u00e9l\u00e9bration florale 2","selected":false,"tempId":"aco_1901","gt_translate_keys":["label"]},{"label":"5 Coeur de lapine","value":"5 Coeur de lapine","selected":false,"tempId":"aco_467","gt_translate_keys":["label"]},{"label":"6 Danceuse \u00e9toile","value":"6 Danceuse \u00e9toile","selected":false,"tempId":"aco_192","gt_translate_keys":["label"]},{"label":"7 Renard en f\u00eate","value":"7 Renard en f\u00eate","selected":false,"tempId":"aco_975","gt_translate_keys":["label"]},{"label":"8 Pretty renarde","value":"8 Pretty renarde","selected":false,"tempId":"aco_802","gt_translate_keys":["label"]},{"label":"9 Dans les \u00e9toiles","value":"9 Dans les \u00e9toiles","selected":false,"tempId":"aco_965","gt_translate_keys":["label"]},{"label":"10 Licorne magique","value":"10 Licorne Magique","selected":false,"tempId":"aco_178","gt_translate_keys":["label"]},{"label":"11 Renarde aux pays des r\u00eaves","value":"11 Renarde aux pays des r\u00eaves","selected":false,"tempId":"aco_2317","gt_translate_keys":["label"]},{"label":"12 La lapine et jardin enchant\u00e9","value":"12 La lapine et jardin enchant\u00e9","selected":false,"tempId":"aco_2913","gt_translate_keys":["label"]},{"label":"13 R\u00eaverie \u00e9ph\u00e9m\u00e8re","value":"13 R\u00eaverie \u00e9ph\u00e9m\u00e8re","selected":false,"tempId":"aco_1223","gt_translate_keys":["label"]},{"label":"14 Astronaute","value":"14 Astronaute","selected":false,"tempId":"aco_507","gt_translate_keys":["label"]},{"label":"15 Safari","value":"15 Safari","selected":false,"tempId":"aco_389","gt_translate_keys":["label"]},{"label":"16 Lumi\u00e8re des mers","value":"16 Lumi\u00e8re des mers","selected":false,"tempId":"aco_2714","gt_translate_keys":["label"]},{"label":"17 Cowboy","value":"17 Cowboy","selected":false,"tempId":"aco_1684","gt_translate_keys":["label"]},{"label":"18 Renard en vadrouille","value":"18 Renard en vadrouille","selected":false,"tempId":"aco_19","gt_translate_keys":["label"]},{"label":"19 Pompier","value":"19 Pompier","selected":false,"tempId":"aco_733","gt_translate_keys":["label"]},{"label":"20 Aviateur","value":"20 Aviateur","selected":false,"tempId":"aco_833","gt_translate_keys":["label"]},{"label":"21 Tendre ourson","value":"21 Tendre ourson","selected":false,"tempId":"aco_843","gt_translate_keys":["label"]},{"label":"22 Douceur florale","value":"22 Douceur florale","selected":false,"tempId":"aco_2969","gt_translate_keys":["label"]},{"label":"23 El\u00e9gance v\u00e9g\u00e9tale","value":"23 El\u00e9gance v\u00e9g\u00e9tale","selected":false,"tempId":"aco_2941","gt_translate_keys":["label"]},{"label":"24 Mariage","value":"24 Mariage","selected":false,"tempId":"aco_1431","gt_translate_keys":["label"]},{"label":"25 Cin\u00e9ma","value":"25 Cin\u00e9ma","selected":false,"tempId":"aco_191","gt_translate_keys":["label"]},{"label":"26 Eclat de couleurs","value":"26 Eclat de couleurs","selected":false,"tempId":"aco_3025","gt_translate_keys":["label"]},{"label":"27 Ourson en montgolfi\u00e8re","value":"27 Ourson en montgolfi\u00e8re","selected":false,"tempId":"aco_765","gt_translate_keys":["label"]}],"error":false,"dropdown_type":"basic","gt_translate_keys":["label"],"price_dependency":false,"cl_dependency":false,"value":""}]]},"sec_1670fdb5423096":{"extra":{"key":"sec_1670fdb5423096","section_id":"sec_1670fdb5423096","name":"Default","status":1,"cl_rule":"show","enableCl":false,"relations":[],"toggle":true,"title_tag":"h3","show_title":false,"showPrice":"default","form_id":721,"form_rules":{"exclude_from_discount":false,"fee_label":"Obligatoire","disp_hide_options_price":false,"disp_show_section_price":false,"disp_show_field_price":false,"layout_option":"standard","pric_use_as_fee":false,"process_fee_as":"woo_fee"},"layout_option":"standard"},"fields":[[{"active":true,"col":6,"relations":false,"cl_rule":"show","enableCl":false,"price":"","enablePrice":false,"className":"","label_position":"default","desc_position":"default","type":"text","subtype":"text","required":true,"elementId":"text_9245195143","label":"Inscription souhait\u00e9e (pr\u00e9nom, \u00e2ge, initiales...)","name":"text_9245195143","value":"","error":false,"gt_translate_keys":["label","value"],"price_dependency":false,"cl_dependency":false}],[{"active":true,"col":6,"relations":false,"cl_rule":"show","enableCl":false,"price":"2","enablePrice":true,"className":"","label_position":"default","desc_position":"default","type":"checkbox-group","required":false,"elementId":"checkgroup_9246869668","label":"Option (+2,00\u20ac)","name":"checkgroup_9246869668","values":[{"label":"Pot \u00e0 popcorn 3D","value":"Pot \u00e0 popcorn 3D","selected":false,"tempId":"aco_279","gt_translate_keys":["label"]}],"layOut":"","error":false,"checkUi":"","priceOptions":"fixed_for_all","pricingType":"fixed","gt_translate_keys":["label"],"price_dependency":false,"cl_dependency":false,"value":""}],[{"active":true,"col":6,"relations":false,"cl_rule":"show","enableCl":false,"price":"","enablePrice":false,"className":"","label_position":"default","desc_position":"default","type":"date","required":true,"elementId":"date_2507797491","name":"date_2507797491","label":"Date de l'\u00e9v\u00e8nement","picker_type":"custom","picker_mode":"single","error":false,"gt_translate_keys":["label"],"price_dependency":false,"cl_dependency":false,"value":""}]]}},"config":{"price_override":"","enable_recaptcha":false,"bind_quantity":false,"quantity_bind_formula":false,"disp_summ_show_option_price":false,"disp_summ_show_product_price":false,"disp_summ_show_total_price":false,"disp_summ_show_fee":false,"disp_summ_show_discount":false,"summary_title":"","options_total_label":"Prix des options","total_label":"Total","options_product_label":"Product Price","fee_label":"Obligatoire","discount_label":"Discount","has_price":true,"has_quantity_formula":false},"mc_unit":1,"tax_rate":1,"tax_rate_real":1,"discount":{"percentage":0,"fixed":0},"design":{"conf":{"LabelPosition":"above","DescPosition":"above","UploadField":"custom_1","QuantityFieldStyle":"default"},"css":{"LeftLabelWidth":"80px"}},"formulas":[],"lookuptables":[],"clones":false,"cartKey":false}},"_links":{"self":[{"href":"https:\/\/www.niangacreations.fr\/index.php\/wp-json\/wp\/v2\/product\/596","targetHints":{"allow":["GET"]}}],"collection":[{"href":"https:\/\/www.niangacreations.fr\/index.php\/wp-json\/wp\/v2\/product"}],"about":[{"href":"https:\/\/www.niangacreations.fr\/index.php\/wp-json\/wp\/v2\/types\/product"}],"replies":[{"embeddable":true,"href":"https:\/\/www.niangacreations.fr\/index.php\/wp-json\/wp\/v2\/comments?post=596"}],"wp:featuredmedia":[{"embeddable":true,"href":"https:\/\/www.niangacreations.fr\/index.php\/wp-json\/wp\/v2\/media\/1329"}],"wp:attachment":[{"href":"https:\/\/www.niangacreations.fr\/index.php\/wp-json\/wp\/v2\/media?parent=596"}],"wp:term":[{"taxonomy":"product_brand","embeddable":true,"href":"https:\/\/www.niangacreations.fr\/index.php\/wp-json\/wp\/v2\/product_brand?post=596"},{"taxonomy":"product_cat","embeddable":true,"href":"https:\/\/www.niangacreations.fr\/index.php\/wp-json\/wp\/v2\/product_cat?post=596"},{"taxonomy":"product_tag","embeddable":true,"href":"https:\/\/www.niangacreations.fr\/index.php\/wp-json\/wp\/v2\/product_tag?post=596"}],"curies":[{"name":"wp","href":"https:\/\/api.w.org\/{rel}","templated":true}]}}