{"id":608,"date":"2024-09-17T11:41:31","date_gmt":"2024-09-17T09:41:31","guid":{"rendered":"https:\/\/www.niangacreations.fr\/?post_type=product&#038;p=608"},"modified":"2026-01-10T13:34:54","modified_gmt":"2026-01-10T12:34:54","slug":"sac-transparent-cadeau","status":"publish","type":"product","link":"https:\/\/www.niangacreations.fr\/index.php\/produit\/sac-transparent-cadeau\/","title":{"rendered":"Sac Transparent Personnalis\u00e9 \u2013 Cadeau d\u2019Invit\u00e9s &#038; Souvenir de F\u00eate"},"content":{"rendered":"<div class=\"relative basis-auto flex-col -mb-(--composer-overlap-px) [--composer-overlap-px:28px] grow flex\">\n<div class=\"flex flex-col text-sm pb-25\">\n<article class=\"text-token-text-primary w-full focus:outline-none [--shadow-height:45px] has-data-writing-block:pointer-events-none has-data-writing-block:-mt-(--shadow-height) has-data-writing-block:pt-(--shadow-height) [&amp;:has([data-writing-block])&gt;*]:pointer-events-auto scroll-mt-[calc(var(--header-height)+min(200px,max(70px,20svh)))]\" dir=\"auto\" tabindex=\"-1\" data-turn-id=\"request-WEB:54bec0e2-bc40-4689-8c60-58dae4309a43-93\" data-testid=\"conversation-turn-189\" data-scroll-anchor=\"true\" data-turn=\"assistant\">\n<div class=\"text-base my-auto mx-auto pb-10 [--thread-content-margin:--spacing(4)] @w-sm\/main:[--thread-content-margin:--spacing(6)] @w-lg\/main:[--thread-content-margin:--spacing(16)] px-(--thread-content-margin)\">\n<div class=\"[--thread-content-max-width:40rem] @w-lg\/main:[--thread-content-max-width:48rem] mx-auto max-w-(--thread-content-max-width) flex-1 group\/turn-messages focus-visible:outline-hidden relative flex w-full min-w-0 flex-col agent-turn\" tabindex=\"-1\">\n<div class=\"flex max-w-full flex-col grow\">\n<div class=\"min-h-8 text-message relative flex w-full flex-col items-end gap-2 text-start break-words whitespace-normal [.text-message+&amp;]:mt-1\" dir=\"auto\" data-message-author-role=\"assistant\" data-message-id=\"b3c85577-e7ed-4848-990c-b586ff2c5ae9\" data-message-model-slug=\"gpt-5-2\">\n<div class=\"flex w-full flex-col gap-1 empty:hidden first:pt-[1px]\">\n<div class=\"markdown prose dark:prose-invert w-full break-words light markdown-new-styling\">\n<p data-start=\"414\" data-end=\"572\">Cl\u00f4turez votre \u00e9v\u00e9nement avec \u00e9l\u00e9gance gr\u00e2ce \u00e0 ce <strong data-start=\"464\" data-end=\"496\">sac transparent personnalis\u00e9<\/strong>, pens\u00e9 pour offrir \u00e0 vos invit\u00e9s un <strong data-start=\"533\" data-end=\"571\">souvenir aussi joli que symbolique<\/strong>.<\/p>\n<p data-start=\"574\" data-end=\"828\">\u00c0 remplir selon vos envies (gourmandises, petits cadeaux, bulles, souvenirs\u2026), ce sac devient un v\u00e9ritable <strong data-start=\"681\" data-end=\"706\">\u00e9l\u00e9ment de d\u00e9coration<\/strong> tout en restant pratique. Il s\u2019int\u00e8gre parfaitement \u00e0 un <strong data-start=\"764\" data-end=\"827\">mariage, bapt\u00eame, anniversaire, baby shower ou f\u00eate \u00e0 th\u00e8me<\/strong>.<\/p>\n<p data-start=\"835\" data-end=\"855\"><strong>Points forts :<\/strong><\/p>\n<ul>\n<li data-start=\"857\" data-end=\"1244\"><strong data-start=\"859\" data-end=\"887\">Personnalisation soign\u00e9e<\/strong> : d\u00e9coration r\u00e9alis\u00e9e en papier brillant pour un rendu \u00e9l\u00e9gant<\/li>\n<li data-start=\"857\" data-end=\"1244\"><strong data-start=\"955\" data-end=\"979\">Option 3D disponible<\/strong> : ajoute du relief et un effet visuel \u201cwaouh\u201d<\/li>\n<li data-start=\"857\" data-end=\"1244\"><strong data-start=\"1030\" data-end=\"1048\">Sac polyvalent<\/strong> : id\u00e9al pour composer un cadeau invit\u00e9 sur mesure<\/li>\n<li data-start=\"857\" data-end=\"1244\"><strong data-start=\"1103\" data-end=\"1122\">Format pratique<\/strong> : facile \u00e0 poser sur table ou \u00e0 remettre en main propre<\/li>\n<li data-start=\"857\" data-end=\"1244\"><strong data-start=\"1183\" data-end=\"1202\">Vente \u00e0 l\u2019unit\u00e9<\/strong> : ajustez la quantit\u00e9 selon vos besoins<\/li>\n<\/ul>\n<p data-start=\"1251\" data-end=\"1269\"><strong>Dimensions :<\/strong><\/p>\n<ul data-start=\"1271\" data-end=\"1346\">\n<li data-start=\"1271\" data-end=\"1309\">\n<p data-start=\"1273\" data-end=\"1309\"><strong data-start=\"1273\" data-end=\"1287\">Avec anses<\/strong> : 12,7 cm x 22,2 cm<\/p>\n<\/li>\n<li data-start=\"1310\" data-end=\"1346\">\n<p data-start=\"1312\" data-end=\"1346\"><strong data-start=\"1312\" data-end=\"1326\">Sans anses<\/strong> : 12,7 cm x 15 cm<\/p>\n<\/li>\n<\/ul>\n<p data-start=\"1348\" data-end=\"1412\">Dimensions id\u00e9ales pour accueillir plusieurs petites attentions.<\/p>\n<p data-start=\"1419\" data-end=\"1445\"><strong>Utilisation id\u00e9ale :<\/strong><\/p>\n<p data-start=\"1447\" data-end=\"1559\">\u2714\ufe0f cadeau d\u2019invit\u00e9s mariage<br data-start=\"1474\" data-end=\"1477\" \/>\u2714\ufe0f anniversaire enfant ou adulte<br data-start=\"1509\" data-end=\"1512\" \/>\u2714\ufe0f bapt\u00eame<br data-start=\"1522\" data-end=\"1525\" \/>\u2714\ufe0f baby shower<br data-start=\"1539\" data-end=\"1542\" \/>\u2714\ufe0f f\u00eate \u00e0 th\u00e8me<\/p>\n<p data-start=\"1561\" data-end=\"1644\">Parfait pour composer un <strong data-start=\"1586\" data-end=\"1643\">souvenir personnalis\u00e9 et harmonis\u00e9 \u00e0 votre d\u00e9coration<\/strong>.<\/p>\n<p data-start=\"1651\" data-end=\"1686\"><strong>Personnalisation :\u00a0<\/strong><\/p>\n<p data-start=\"1688\" data-end=\"1788\">Chaque sac est <strong data-start=\"1703\" data-end=\"1722\">cr\u00e9\u00e9 sur mesure<\/strong> selon votre th\u00e8me, vos couleurs et l\u2019ambiance de votre \u00e9v\u00e9nement.<\/p>\n<p data-start=\"1790\" data-end=\"1844\"><strong data-start=\"1793\" data-end=\"1844\">\u270bContactez-moi pour cr\u00e9er votre sac personnalis\u00e9<\/strong><\/p>\n<p data-start=\"1882\" data-end=\"1974\">\ud83e\udd0d\u00a0 <em data-start=\"1884\" data-end=\"1974\">Un souvenir d\u00e9licat pour remercier vos invit\u00e9s et prolonger la magie de votre \u00e9v\u00e9nement.<\/em><\/p>\n<\/div>\n<\/div>\n<\/div>\n<\/div>\n<div class=\"z-0 flex min-h-[46px] justify-start\"><\/div>\n<div class=\"border-token-border-light my-2 flex gap-10 border-t pt-4\">\n<div class=\"flex items-center justify-center overflow-hidden h-12 w-12 rounded-lg\"><\/div>\n<\/div>\n<\/div>\n<\/div>\n<\/article>\n<\/div>\n<\/div>\n","protected":false},"excerpt":{"rendered":"<p class=\"p1\"><strong>Le d\u00e9tail final \u00e9l\u00e9gant pour remercier vos invit\u00e9s avec style<\/strong><\/p>\n<p class=\"p1\">\n","protected":false},"featured_media":1170,"comment_status":"open","ping_status":"closed","template":"","meta":[],"product_brand":[],"product_cat":[25,47],"product_tag":[],"class_list":{"0":"post-608","1":"product","2":"type-product","3":"status-publish","4":"has-post-thumbnail","6":"product_cat-papeterie","7":"product_cat-les-creations-a-personnaliser","8":"wcpa_has_options","10":"first","11":"instock","12":"shipping-taxable","13":"purchasable","14":"product-type-variable"},"jetpack_sharing_enabled":true,"wcpa_form_fields":{"wcpaData":{"product":{"product_price":2.5,"price_html":"<span class=\"woocommerce-Price-amount amount\" aria-hidden=\"true\"><bdi>2,50&nbsp;<span class=\"woocommerce-Price-currencySymbol\">&euro;<\/span><\/bdi><\/span> <span aria-hidden=\"true\">\u00a0\u2013\u00a0<\/span> <span class=\"woocommerce-Price-amount amount\" aria-hidden=\"true\"><bdi>4,50&nbsp;<span class=\"woocommerce-Price-currencySymbol\">&euro;<\/span><\/bdi><\/span><span class=\"screen-reader-text\">Plage de prix\u00a0: 2,50&nbsp;&euro; \u00e0 4,50&nbsp;&euro;<\/span>","original_product_price":2.5,"price_including_tax":2.5,"price_excluding_tax":2.5,"product_id":{"parent":608,"variation":false},"is_variable":true,"stock_status":"instock","stock_quantity":null,"parent_sku":"","product_attributes":{"choix":{"is_variation":true,"values":[]}},"custom_fields":[],"is_taxable":false,"product_name":"Sac Transparent Personnalis\u00e9 \u2013 Cadeau d\u2019Invit\u00e9s & Souvenir de F\u00eate","hasImage":false},"fields":{"sec_6674a181dab7e4":{"extra":{"key":"sec_6674a181dab7e4","section_id":"sec_6674a181dab7e4","name":"Default","status":1,"cl_rule":"show","enableCl":false,"relations":[],"toggle":true,"title_tag":"h3","show_title":false,"showPrice":"default","form_id":1441,"form_rules":{"exclude_from_discount":false,"fee_label":"Obligatoire","disp_hide_options_price":false,"disp_show_section_price":false,"disp_show_field_price":false,"layout_option":"standard","pric_use_as_fee":false,"process_fee_as":"woo_fee"},"layout_option":"standard"},"fields":[[{"active":true,"col":6,"relations":false,"cl_rule":"show","enableCl":false,"price":"","enablePrice":false,"className":"","label_position":"default","desc_position":"default","type":"select","required":true,"elementId":"select_9091090051","label":"Choix du th\u00e8me","name":"select_9091090051","values":[{"label":"S\u00e9lectionner","value":"S\u00e9lectionner","selected":false,"tempId":"aco_3651","gt_translate_keys":["label"]},{"label":"1 Babyshower","value":"1 Babyshower","selected":false,"tempId":"aco_3053","gt_translate_keys":["label"]},{"label":"2 Tendre moment","value":"2 Tendre moment","selected":false,"tempId":"aco_2997","gt_translate_keys":["label"]},{"label":"3 C\u00e9l\u00e9bration florale 1","value":"3 C\u00e9l\u00e9bration florale 1","selected":false,"tempId":"aco_1171","gt_translate_keys":["label"]},{"label":"4 C\u00e9l\u00e9bration florale 2","value":"4 C\u00e9l\u00e9bration florale 2","selected":false,"tempId":"aco_1901","gt_translate_keys":["label"]},{"label":"5 Coeur de lapine","value":"5 Coeur de lapine","selected":false,"tempId":"aco_467","gt_translate_keys":["label"]},{"label":"6 Danceuse \u00e9toile","value":"6 Danceuse \u00e9toile","selected":false,"tempId":"aco_192","gt_translate_keys":["label"]},{"label":"7 Renard en f\u00eate","value":"7 Renard en f\u00eate","selected":false,"tempId":"aco_975","gt_translate_keys":["label"]},{"label":"8 Pretty renarde","value":"8 Pretty renarde","selected":false,"tempId":"aco_802","gt_translate_keys":["label"]},{"label":"9 Dans les \u00e9toiles","value":"9 Dans les \u00e9toiles","selected":false,"tempId":"aco_965","gt_translate_keys":["label"]},{"label":"10 Licorne magique","value":"10 Licorne Magique","selected":false,"tempId":"aco_178","gt_translate_keys":["label"]},{"label":"11 Renarde aux pays des r\u00eaves","value":"11 Renarde aux pays des r\u00eaves","selected":false,"tempId":"aco_2317","gt_translate_keys":["label"]},{"label":"12 La lapine et jardin enchant\u00e9","value":"12 La lapine et jardin enchant\u00e9","selected":false,"tempId":"aco_2913","gt_translate_keys":["label"]},{"label":"13 R\u00eaverie \u00e9ph\u00e9m\u00e8re","value":"13 R\u00eaverie \u00e9ph\u00e9m\u00e8re","selected":false,"tempId":"aco_1223","gt_translate_keys":["label"]},{"label":"14 Astronaute","value":"14 Astronaute","selected":false,"tempId":"aco_507","gt_translate_keys":["label"]},{"label":"15 Safari","value":"15 Safari","selected":false,"tempId":"aco_389","gt_translate_keys":["label"]},{"label":"16 Lumi\u00e8re des mers","value":"16 Lumi\u00e8re des mers","selected":false,"tempId":"aco_2714","gt_translate_keys":["label"]},{"label":"17 Cowboy","value":"17 Cowboy","selected":false,"tempId":"aco_1684","gt_translate_keys":["label"]},{"label":"18 Renard en vadrouille","value":"18 Renard en vadrouille","selected":false,"tempId":"aco_19","gt_translate_keys":["label"]},{"label":"19 Pompier","value":"19 Pompier","selected":false,"tempId":"aco_733","gt_translate_keys":["label"]},{"label":"20 Aviateur","value":"20 Aviateur","selected":false,"tempId":"aco_833","gt_translate_keys":["label"]},{"label":"21 Tendre ourson","value":"21 Tendre ourson","selected":false,"tempId":"aco_843","gt_translate_keys":["label"]},{"label":"22 Douceur florale","value":"22 Douceur florale","selected":false,"tempId":"aco_2969","gt_translate_keys":["label"]},{"label":"23 El\u00e9gance v\u00e9g\u00e9tale","value":"23 El\u00e9gance v\u00e9g\u00e9tale","selected":false,"tempId":"aco_2941","gt_translate_keys":["label"]},{"label":"24 Mariage","value":"24 Mariage","selected":false,"tempId":"aco_1431","gt_translate_keys":["label"]},{"label":"25 Cin\u00e9ma","value":"25 Cin\u00e9ma","selected":false,"tempId":"aco_191","gt_translate_keys":["label"]},{"label":"26 Eclat de couleurs","value":"26 Eclat de couleurs","selected":false,"tempId":"aco_3025","gt_translate_keys":["label"]},{"label":"27 Ourson en montgolfi\u00e8re","value":"27 Ourson en montgolfi\u00e8re","selected":false,"tempId":"aco_765","gt_translate_keys":["label"]}],"error":false,"dropdown_type":"basic","gt_translate_keys":["label"],"price_dependency":false,"cl_dependency":false,"value":""}]]},"sec_0670fd88970147":{"extra":{"key":"sec_0670fd88970147","section_id":"sec_0670fd88970147","name":"Default","status":1,"cl_rule":"show","enableCl":false,"relations":[],"toggle":true,"title_tag":"h3","show_title":false,"showPrice":"default","form_id":717,"form_rules":{"exclude_from_discount":false,"fee_label":"Obligatoire","disp_hide_options_price":false,"disp_show_section_price":false,"disp_show_field_price":false,"layout_option":"standard","pric_use_as_fee":false,"process_fee_as":"woo_fee"},"layout_option":"standard"},"fields":[[{"active":true,"col":6,"relations":false,"cl_rule":"show","enableCl":false,"price":"","enablePrice":false,"className":"","label_position":"default","desc_position":"default","type":"text","subtype":"text","required":true,"elementId":"text_0917299151","label":"Inscription souhait\u00e9e (pr\u00e9nom, \u00e2ge, initiales...)","name":"text_0917299151","value":"","error":false,"gt_translate_keys":["label","value"],"price_dependency":false,"cl_dependency":false}],[{"active":true,"col":6,"relations":false,"cl_rule":"show","enableCl":false,"price":"","enablePrice":false,"className":"","label_position":"default","desc_position":"default","type":"date","required":true,"elementId":"date_9184146226","name":"date_9184146226","label":"Date de l'\u00e9v\u00e8nement","picker_type":"custom","picker_mode":"single","error":false,"gt_translate_keys":["label"],"price_dependency":false,"cl_dependency":false,"value":""}]]}},"config":{"price_override":"","enable_recaptcha":false,"bind_quantity":false,"quantity_bind_formula":false,"disp_summ_show_option_price":false,"disp_summ_show_product_price":false,"disp_summ_show_total_price":false,"disp_summ_show_fee":false,"disp_summ_show_discount":false,"summary_title":"","options_total_label":"Prix des options","total_label":"Total","options_product_label":"Product Price","fee_label":"Obligatoire","discount_label":"Discount","has_price":true,"has_quantity_formula":false},"mc_unit":1,"tax_rate":1,"tax_rate_real":1,"discount":{"percentage":0,"fixed":0},"design":{"conf":{"LabelPosition":"above","DescPosition":"above","UploadField":"custom_1","QuantityFieldStyle":"default"},"css":{"LeftLabelWidth":"80px"}},"formulas":[],"lookuptables":[],"clones":false,"cartKey":false}},"_links":{"self":[{"href":"https:\/\/www.niangacreations.fr\/index.php\/wp-json\/wp\/v2\/product\/608","targetHints":{"allow":["GET"]}}],"collection":[{"href":"https:\/\/www.niangacreations.fr\/index.php\/wp-json\/wp\/v2\/product"}],"about":[{"href":"https:\/\/www.niangacreations.fr\/index.php\/wp-json\/wp\/v2\/types\/product"}],"replies":[{"embeddable":true,"href":"https:\/\/www.niangacreations.fr\/index.php\/wp-json\/wp\/v2\/comments?post=608"}],"wp:featuredmedia":[{"embeddable":true,"href":"https:\/\/www.niangacreations.fr\/index.php\/wp-json\/wp\/v2\/media\/1170"}],"wp:attachment":[{"href":"https:\/\/www.niangacreations.fr\/index.php\/wp-json\/wp\/v2\/media?parent=608"}],"wp:term":[{"taxonomy":"product_brand","embeddable":true,"href":"https:\/\/www.niangacreations.fr\/index.php\/wp-json\/wp\/v2\/product_brand?post=608"},{"taxonomy":"product_cat","embeddable":true,"href":"https:\/\/www.niangacreations.fr\/index.php\/wp-json\/wp\/v2\/product_cat?post=608"},{"taxonomy":"product_tag","embeddable":true,"href":"https:\/\/www.niangacreations.fr\/index.php\/wp-json\/wp\/v2\/product_tag?post=608"}],"curies":[{"name":"wp","href":"https:\/\/api.w.org\/{rel}","templated":true}]}}